{"id":95,"date":"2022-03-09T15:26:23","date_gmt":"2022-03-09T15:26:23","guid":{"rendered":"https:\/\/thebestcoin.com.br\/?page_id=15"},"modified":"2023-01-25T22:45:01","modified_gmt":"2023-01-26T01:45:01","slug":"services","status":"publish","type":"page","link":"https:\/\/thebestcoin.com.br\/?page_id=95","title":{"rendered":"seja-parceiro"},"content":{"rendered":"\n<p><\/p>\n\n\n\n<p><\/p>\n\n\n\n<p><\/p>\n\n\n\n<p><\/p>\n\n\n<div class=\"wpforms-container wpforms-container-full\" id=\"wpforms-145\"><form id=\"wpforms-form-145\" class=\"wpforms-validate wpforms-form wpforms-ajax-form\" data-formid=\"145\" method=\"post\" enctype=\"multipart\/form-data\" action=\"\/index.php?rest_route=%2Fwp%2Fv2%2Fpages%2F95\" data-token=\"b3dfad742eb325a58cf249599f519ad0\"><noscript class=\"wpforms-error-noscript\">Please enable JavaScript in your browser to complete this form.<\/noscript><div class=\"wpforms-field-container\"><div id=\"wpforms-145-field_1-container\" class=\"wpforms-field wpforms-field-name\" data-field-id=\"1\"><label class=\"wpforms-field-label\" for=\"wpforms-145-field_1\">Nome <span class=\"wpforms-required-label\">*<\/span><\/label><input type=\"text\" id=\"wpforms-145-field_1\" class=\"wpforms-field-medium wpforms-field-required\" name=\"wpforms[fields][1]\" required><\/div><div id=\"wpforms-145-field_2-container\" class=\"wpforms-field wpforms-field-email\" data-field-id=\"2\"><label class=\"wpforms-field-label\" for=\"wpforms-145-field_2\">E-mail <span class=\"wpforms-required-label\">*<\/span><\/label><div class=\"wpforms-field-row wpforms-field-medium\"><div class=\"wpforms-field-row-block wpforms-one-half wpforms-first\"><input type=\"email\" id=\"wpforms-145-field_2\" class=\"wpforms-field-required wpforms-field-email-primary\" name=\"wpforms[fields][2][primary]\" required><label for=\"wpforms-145-field_2\" class=\"wpforms-field-sublabel after \">Email<\/label><\/div><div class=\"wpforms-field-row-block wpforms-one-half\"><input type=\"email\" id=\"wpforms-145-field_2-secondary\" class=\"wpforms-field-email-secondary wpforms-field-required\" data-rule-confirm=\"#wpforms-145-field_2\" name=\"wpforms[fields][2][secondary]\" required><label for=\"wpforms-145-field_2-secondary\" class=\"wpforms-field-sublabel after \">Confirm Email<\/label><\/div><\/div><\/div><div id=\"wpforms-145-field_3-container\" class=\"wpforms-field wpforms-field-number\" data-field-id=\"3\"><label class=\"wpforms-field-label\" for=\"wpforms-145-field_3\">Telefone \/ whatsapp <span class=\"wpforms-required-label\">*<\/span><\/label><input type=\"number\" pattern=\"\\d*\" id=\"wpforms-145-field_3\" class=\"wpforms-field-medium wpforms-field-required\" name=\"wpforms[fields][3]\" required><div class=\"wpforms-field-description\">favlor informar seu telefone celular<\/div><\/div><div id=\"wpforms-145-field_4-container\" class=\"wpforms-field wpforms-field-text\" data-field-id=\"4\"><label class=\"wpforms-field-label\" for=\"wpforms-145-field_4\">Raz\u00e3o Social<\/label><input type=\"text\" id=\"wpforms-145-field_4\" class=\"wpforms-field-medium\" name=\"wpforms[fields][4]\" ><div class=\"wpforms-field-description\">favor informar sua raz\u00e3o social<\/div><\/div><div id=\"wpforms-145-field_6-container\" class=\"wpforms-field wpforms-field-text\" data-field-id=\"6\"><label class=\"wpforms-field-label\" for=\"wpforms-145-field_6\">CNPJ <span class=\"wpforms-required-label\">*<\/span><\/label><input type=\"text\" id=\"wpforms-145-field_6\" class=\"wpforms-field-medium wpforms-field-required\" name=\"wpforms[fields][6]\" required><div class=\"wpforms-field-description\">Favor informar seu CNPJ<\/div><\/div><div id=\"wpforms-145-field_8-container\" class=\"wpforms-field wpforms-field-text\" data-field-id=\"8\"><label class=\"wpforms-field-label\" for=\"wpforms-145-field_8\">Qual o site da sua empresa ?<\/label><input type=\"text\" id=\"wpforms-145-field_8\" class=\"wpforms-field-medium\" name=\"wpforms[fields][8]\" ><\/div><div id=\"wpforms-145-field_9-container\" class=\"wpforms-field wpforms-field-textarea\" data-field-id=\"9\"><label class=\"wpforms-field-label\" for=\"wpforms-145-field_9\">poderia descrever melhor sua empresa? (modelo de neg\u00f3cio, produtos que trabalha, forma de prospec\u00e7\u00e3o e etc) <span class=\"wpforms-required-label\">*<\/span><\/label><textarea id=\"wpforms-145-field_9\" class=\"wpforms-field-medium wpforms-field-required\" name=\"wpforms[fields][9]\" required><\/textarea><\/div><\/div><div class=\"wpforms-submit-container\"><input type=\"hidden\" name=\"wpforms[id]\" value=\"145\"><input type=\"hidden\" name=\"wpforms[author]\" value=\"1\"><button type=\"submit\" name=\"wpforms[submit]\" id=\"wpforms-submit-145\" class=\"wpforms-submit\" data-alt-text=\"Enviando...\" data-submit-text=\"Enviar\" aria-live=\"assertive\" value=\"wpforms-submit\">Enviar<\/button><img src=\"https:\/\/thebestcoin.com.br\/wp-content\/plugins\/wpforms-lite\/assets\/images\/submit-spin.svg\" class=\"wpforms-submit-spinner\" style=\"display: none;\" width=\"26\" height=\"26\" alt=\"Loading\"><\/div><\/form><\/div>  <!-- .wpforms-container -->","protected":false},"excerpt":{"rendered":"","protected":false},"author":1,"featured_media":0,"parent":0,"menu_order":0,"comment_status":"open","ping_status":"closed","template":"","meta":{"om_disable_all_campaigns":false,"_mi_skip_tracking":false},"aioseo_notices":[],"_links":{"self":[{"href":"https:\/\/thebestcoin.com.br\/index.php?rest_route=\/wp\/v2\/pages\/95"}],"collection":[{"href":"https:\/\/thebestcoin.com.br\/index.php?rest_route=\/wp\/v2\/pages"}],"about":[{"href":"https:\/\/thebestcoin.com.br\/index.php?rest_route=\/wp\/v2\/types\/page"}],"author":[{"embeddable":true,"href":"https:\/\/thebestcoin.com.br\/index.php?rest_route=\/wp\/v2\/users\/1"}],"replies":[{"embeddable":true,"href":"https:\/\/thebestcoin.com.br\/index.php?rest_route=%2Fwp%2Fv2%2Fcomments&post=95"}],"version-history":[{"count":2,"href":"https:\/\/thebestcoin.com.br\/index.php?rest_route=\/wp\/v2\/pages\/95\/revisions"}],"predecessor-version":[{"id":151,"href":"https:\/\/thebestcoin.com.br\/index.php?rest_route=\/wp\/v2\/pages\/95\/revisions\/151"}],"wp:attachment":[{"href":"https:\/\/thebestcoin.com.br\/index.php?rest_route=%2Fwp%2Fv2%2Fmedia&parent=95"}],"curies":[{"name":"wp","href":"https:\/\/api.w.org\/{rel}","templated":true}]}}