{"id":97,"date":"2022-03-09T15:26:51","date_gmt":"2022-03-09T15:26:51","guid":{"rendered":"https:\/\/thebestcoin.com.br\/?page_id=19"},"modified":"2023-01-28T00:03:05","modified_gmt":"2023-01-28T03:03:05","slug":"contact","status":"publish","type":"page","link":"https:\/\/thebestcoin.com.br\/?page_id=97","title":{"rendered":"Simulador"},"content":{"rendered":"<div class=\"wpforms-container wpforms-container-full\" id=\"wpforms-163\"><form id=\"wpforms-form-163\" class=\"wpforms-validate wpforms-form wpforms-ajax-form\" data-formid=\"163\" method=\"post\" enctype=\"multipart\/form-data\" action=\"\/index.php?rest_route=%2Fwp%2Fv2%2Fpages%2F97\" data-token=\"ac76d4f0da57e7671870829263ba15bf\"><noscript class=\"wpforms-error-noscript\">Please enable JavaScript in your browser to complete this form.<\/noscript><div class=\"wpforms-field-container\"><div id=\"wpforms-163-field_1-container\" class=\"wpforms-field wpforms-field-name\" data-field-id=\"1\"><label class=\"wpforms-field-label\" for=\"wpforms-163-field_1\">Nome <span class=\"wpforms-required-label\">*<\/span><\/label><input type=\"text\" id=\"wpforms-163-field_1\" class=\"wpforms-field-medium wpforms-field-required\" name=\"wpforms[fields][1]\" required><\/div><div id=\"wpforms-163-field_2-container\" class=\"wpforms-field wpforms-field-number\" data-field-id=\"2\"><label class=\"wpforms-field-label\" for=\"wpforms-163-field_2\">CPF <span class=\"wpforms-required-label\">*<\/span><\/label><input type=\"number\" pattern=\"\\d*\" id=\"wpforms-163-field_2\" class=\"wpforms-field-medium wpforms-field-required\" name=\"wpforms[fields][2]\" required><\/div><div id=\"wpforms-163-field_3-container\" class=\"wpforms-field wpforms-field-email\" data-field-id=\"3\"><label class=\"wpforms-field-label\" for=\"wpforms-163-field_3\">E-mail <span class=\"wpforms-required-label\">*<\/span><\/label><input type=\"email\" id=\"wpforms-163-field_3\" class=\"wpforms-field-medium wpforms-field-required\" name=\"wpforms[fields][3]\" required><\/div><div id=\"wpforms-163-field_4-container\" class=\"wpforms-field wpforms-field-text\" data-field-id=\"4\"><label class=\"wpforms-field-label\" for=\"wpforms-163-field_4\">DDD + Telefone  <span class=\"wpforms-required-label\">*<\/span><\/label><input type=\"text\" id=\"wpforms-163-field_4\" class=\"wpforms-field-medium wpforms-field-required\" name=\"wpforms[fields][4]\" required><\/div><div id=\"wpforms-163-field_14-container\" class=\"wpforms-field wpforms-field-text\" data-field-id=\"14\"><label class=\"wpforms-field-label\" for=\"wpforms-163-field_14\">Em quantos meses quer pagar ? <\/label><input type=\"text\" id=\"wpforms-163-field_14\" class=\"wpforms-field-medium\" name=\"wpforms[fields][14]\" ><\/div><div id=\"wpforms-163-field_15-container\" class=\"wpforms-field wpforms-field-text\" data-field-id=\"15\"><label class=\"wpforms-field-label\" for=\"wpforms-163-field_15\">Caso seja empres\u00e1rio informar CNPJ<\/label><input type=\"text\" id=\"wpforms-163-field_15\" class=\"wpforms-field-medium\" name=\"wpforms[fields][15]\" ><\/div><div id=\"wpforms-163-field_16-container\" class=\"wpforms-field wpforms-field-text\" data-field-id=\"16\"><label class=\"wpforms-field-label\" for=\"wpforms-163-field_16\">Caso seja empres\u00e1rio informar raz\u00e3o social<\/label><input type=\"text\" id=\"wpforms-163-field_16\" class=\"wpforms-field-medium\" name=\"wpforms[fields][16]\" ><\/div><div id=\"wpforms-163-field_10-container\" class=\"wpforms-field wpforms-field-select wpforms-field-select-style-classic\" data-field-id=\"10\"><label class=\"wpforms-field-label\" for=\"wpforms-163-field_10\">Como voc\u00ea pretende utilizar o cr\u00e9dito<\/label><select id=\"wpforms-163-field_10\" class=\"wpforms-field-medium\" name=\"wpforms[fields][10]\"><option value=\"Tirar meu sonho do papel\" >Tirar meu sonho do papel<\/option><option value=\"Quitar dividas\" >Quitar dividas<\/option><option value=\"Refinanciar dividas\" >Refinanciar dividas<\/option><option value=\"Reformas\" >Reformas<\/option><\/select><\/div><div id=\"wpforms-163-field_6-container\" class=\"wpforms-field wpforms-field-checkbox\" data-field-id=\"6\"><label class=\"wpforms-field-label\" for=\"wpforms-163-field_6\">Seu im\u00f3vel seria <\/label><ul id=\"wpforms-163-field_6\"><li class=\"choice-1 depth-1\"><input type=\"checkbox\" id=\"wpforms-163-field_6_1\" name=\"wpforms[fields][6][]\" value=\"Apartamento\"  ><label class=\"wpforms-field-label-inline\" for=\"wpforms-163-field_6_1\">Apartamento<\/label><\/li><li class=\"choice-2 depth-1\"><input type=\"checkbox\" id=\"wpforms-163-field_6_2\" name=\"wpforms[fields][6][]\" value=\"Casa\"  ><label class=\"wpforms-field-label-inline\" for=\"wpforms-163-field_6_2\">Casa<\/label><\/li><li class=\"choice-3 depth-1\"><input type=\"checkbox\" id=\"wpforms-163-field_6_3\" name=\"wpforms[fields][6][]\" value=\"Terreno em condom\u00ednio \"  ><label class=\"wpforms-field-label-inline\" for=\"wpforms-163-field_6_3\">Terreno em condom\u00ednio <\/label><\/li><\/ul><\/div><div id=\"wpforms-163-field_11-container\" class=\"wpforms-field wpforms-field-text\" data-field-id=\"11\"><label class=\"wpforms-field-label\" for=\"wpforms-163-field_11\">Endere\u00e7o <\/label><input type=\"text\" id=\"wpforms-163-field_11\" class=\"wpforms-field-medium\" name=\"wpforms[fields][11]\" ><div class=\"wpforms-field-description\">informar endere\u00e7o + complemento<\/div><\/div><div id=\"wpforms-163-field_12-container\" class=\"wpforms-field wpforms-field-text\" data-field-id=\"12\"><label class=\"wpforms-field-label\" for=\"wpforms-163-field_12\">CEP<\/label><input type=\"text\" id=\"wpforms-163-field_12\" class=\"wpforms-field-medium\" name=\"wpforms[fields][12]\" ><\/div><div id=\"wpforms-163-field_5-container\" class=\"wpforms-field wpforms-field-text\" data-field-id=\"5\"><label class=\"wpforms-field-label\" for=\"wpforms-163-field_5\">Valor aproximado do im\u00f3vel <span class=\"wpforms-required-label\">*<\/span><\/label><input type=\"text\" id=\"wpforms-163-field_5\" class=\"wpforms-field-medium wpforms-field-required\" name=\"wpforms[fields][5]\" required><\/div><div id=\"wpforms-163-field_7-container\" class=\"wpforms-field wpforms-field-text\" data-field-id=\"7\"><label class=\"wpforms-field-label\" for=\"wpforms-163-field_7\">Valor do Empr\u00e9stimo pretendido <span class=\"wpforms-required-label\">*<\/span><\/label><input type=\"text\" id=\"wpforms-163-field_7\" class=\"wpforms-field-medium wpforms-field-required\" name=\"wpforms[fields][7]\" required><\/div><div id=\"wpforms-163-field_13-container\" class=\"wpforms-field wpforms-field-checkbox\" data-field-id=\"13\"><label class=\"wpforms-field-label\" for=\"wpforms-163-field_13\">Caixas de marca\u00e7\u00e3o <span class=\"wpforms-required-label\">*<\/span><\/label><ul id=\"wpforms-163-field_13\" class=\"wpforms-field-required\"><li class=\"choice-1 depth-1\"><input type=\"checkbox\" id=\"wpforms-163-field_13_1\" name=\"wpforms[fields][13][]\" value=\"O cliente autorizou a consulta de informa\u00e7\u00f5es a seu respeito mantidas no Sistema de Informa\u00e7\u00f5es (SCR) organizado pelo Banco Central do Brasil.\" required ><label class=\"wpforms-field-label-inline\" for=\"wpforms-163-field_13_1\">O cliente autorizou a consulta de informa\u00e7\u00f5es a seu respeito mantidas no Sistema de Informa\u00e7\u00f5es (SCR) organizado pelo Banco Central do Brasil.<\/label><\/li><\/ul><\/div><\/div><div class=\"wpforms-submit-container\"><input type=\"hidden\" name=\"wpforms[id]\" value=\"163\"><input type=\"hidden\" name=\"wpforms[author]\" value=\"1\"><button type=\"submit\" name=\"wpforms[submit]\" id=\"wpforms-submit-163\" class=\"wpforms-submit\" data-alt-text=\"Enviando...\" data-submit-text=\"Enviar\" aria-live=\"assertive\" value=\"wpforms-submit\">Enviar<\/button><img src=\"https:\/\/thebestcoin.com.br\/wp-content\/plugins\/wpforms-lite\/assets\/images\/submit-spin.svg\" class=\"wpforms-submit-spinner\" style=\"display: none;\" width=\"26\" height=\"26\" alt=\"Loading\"><\/div><\/form><\/div>  <!-- .wpforms-container -->","protected":false},"excerpt":{"rendered":"","protected":false},"author":1,"featured_media":0,"parent":0,"menu_order":0,"comment_status":"open","ping_status":"closed","template":"","meta":{"om_disable_all_campaigns":false,"_mi_skip_tracking":false},"aioseo_notices":[],"_links":{"self":[{"href":"https:\/\/thebestcoin.com.br\/index.php?rest_route=\/wp\/v2\/pages\/97"}],"collection":[{"href":"https:\/\/thebestcoin.com.br\/index.php?rest_route=\/wp\/v2\/pages"}],"about":[{"href":"https:\/\/thebestcoin.com.br\/index.php?rest_route=\/wp\/v2\/types\/page"}],"author":[{"embeddable":true,"href":"https:\/\/thebestcoin.com.br\/index.php?rest_route=\/wp\/v2\/users\/1"}],"replies":[{"embeddable":true,"href":"https:\/\/thebestcoin.com.br\/index.php?rest_route=%2Fwp%2Fv2%2Fcomments&post=97"}],"version-history":[{"count":1,"href":"https:\/\/thebestcoin.com.br\/index.php?rest_route=\/wp\/v2\/pages\/97\/revisions"}],"predecessor-version":[{"id":167,"href":"https:\/\/thebestcoin.com.br\/index.php?rest_route=\/wp\/v2\/pages\/97\/revisions\/167"}],"wp:attachment":[{"href":"https:\/\/thebestcoin.com.br\/index.php?rest_route=%2Fwp%2Fv2%2Fmedia&parent=97"}],"curies":[{"name":"wp","href":"https:\/\/api.w.org\/{rel}","templated":true}]}}